{"id":470,"date":"2020-08-26T10:17:34","date_gmt":"2020-08-26T10:17:34","guid":{"rendered":"https:\/\/bighearts.wgl-demo.net\/?page_id=470"},"modified":"2020-08-26T10:17:34","modified_gmt":"2020-08-26T10:17:34","slug":"blog-listing","status":"publish","type":"page","link":"https:\/\/patilerinsesi.org\/de\/blog-listing\/","title":{"rendered":"Blog Listing"},"content":{"rendered":"<div data-elementor-type=\"wp-page\" data-elementor-id=\"470\" class=\"elementor elementor-470\">\n\t\t\t\t\t\t<section class=\"elementor-section elementor-top-section elementor-element elementor-element-9c2e2af elementor-section-boxed elementor-section-height-default elementor-section-height-default\" data-id=\"9c2e2af\" data-element_type=\"section\">\n\t\t\t\t\t\t<div class=\"elementor-container elementor-column-gap-default\">\n\t\t\t\t\t<div class=\"elementor-column elementor-col-100 elementor-top-column elementor-element elementor-element-41262a4\" data-id=\"41262a4\" data-element_type=\"column\">\n\t\t\t<div class=\"elementor-widget-wrap elementor-element-populated\">\n\t\t\t\t\t\t<div class=\"elementor-element elementor-element-1313779 nav-left elementor-widget elementor-widget-wgl-blog\" data-id=\"1313779\" data-element_type=\"widget\" data-settings=\"{&quot;blog_columns&quot;:&quot;12&quot;}\" data-widget_type=\"wgl-blog.default\">\n\t\t\t\t<div class=\"elementor-widget-container\">\n\t\t\t\t\t<section class=\"wgl_cpt_section\"><div class=\"blog-posts\"><div class=\"container-grid row blog_columns-1 grid blog-style-standard\"><div class=\"wgl_col-12 item\"><div class=\"blog-post format-standard-image\"><div class=\"blog-post_wrapper\"><div class=\"blog-post_media\"><div class=\"blog-post_media_part\"><a href=\"https:\/\/patilerinsesi.org\/de\/yuva-arayanlar-karabas\/\" class=\"media-link image-overlay\"><img decoding=\"async\" src=\"https:\/\/patilerinsesi.org\/wordpress\/wp-content\/uploads\/2020\/08\/SHN08715-scaled-1170x725.jpg\" class=\"blog-img\" alt=\"SHN08715\"><\/a><\/div><span class=\"post_categories\"><span><a href=\"https:\/\/patilerinsesi.org\/de\/category\/sahiplenmeyi-bekleyenler\/\">Sahiplenmeyi Bekleyenler<\/a><\/span><\/span><\/div><div class=\"blog-post_content\"><div class=\"meta-data\"><span class=\"post_date\">15 April 2025<\/span><\/div><h3 class=\"blog-post_title\"><a href=\"https:\/\/patilerinsesi.org\/de\/yuva-arayanlar-karabas\/\">Karaba\u015f<\/a><\/h3><div class=\"blog-post_text\">3 ya\u015f\u0131nda, sosyal ve y\u00fcr\u00fcy\u00fc\u015f a\u015f\u0131\u011f\u0131 bir erkek. A\u015f\u0131lar\u0131 tam, mikro\u00e7ip tak\u0131ld\u0131. Bir zamanlar terk edildi ama \u015fimdi yeni bir ba\u015flang\u0131ca haz\u0131r.<\/div><\/div><div class=\"blog-post_meta-wrap\"><div class=\"meta-data\"><span class=\"post_author\">By <a href=\"https:\/\/patilerinsesi.org\/de\/author\/patilerinsesiorg\/\">patilerinsesiorg<\/a><\/span><span class=\"comments_post\"><a href=\"https:\/\/patilerinsesi.org\/de\/yuva-arayanlar-karabas\/#respond\" title=\"Leave a reply\">0 Comments<\/a><\/span><\/div><div class=\"meta-info\"><div class=\"share_post-container\"><a href=\"#\"><\/a><div class=\"share_social-wpapper\"><ul><li><a class=\"share_post share_twitter\" target=\"_blank\" href=\"https:\/\/twitter.com\/intent\/tweet?text=Karaba\u015f&#038;url=https:\/\/patilerinsesi.org\/de\/yuva-arayanlar-karabas\/\"><span class=\"fab fa-twitter\"><\/span><\/a><\/li><li><a class=\"share_post share_facebook\" target=\"_blank\" href=\"https:\/\/www.facebook.com\/share.php?u=https:\/\/patilerinsesi.org\/de\/yuva-arayanlar-karabas\/\"><span class=\"fab fa-facebook-f\"><\/span><\/a><\/li><li><a class=\"share_post share_pinterest\" target=\"_blank\" href=\"https:\/\/pinterest.com\/pin\/create\/button\/?url=https:\/\/patilerinsesi.org\/de\/yuva-arayanlar-karabas\/&#038;media=https:\/\/patilerinsesi.org\/wordpress\/wp-content\/uploads\/2020\/08\/SHN08715-scaled.jpg\"><span class=\"fab fa-pinterest-p\"><\/span><\/a><\/li><li><a class=\"share_post share_linkedin\" target=\"_blank\" href=\"http:\/\/www.linkedin.com\/shareArticle?mini=true&#038;url=https%3A%2F%2Fpatilerinsesi.org%2Fde%2Fyuva-arayanlar-karabas%2F&title=Karaba%C5%9F\"><span class=\"fab fa-linkedin-in fa-linkedin\"><\/span><\/a><\/li><\/ul><\/div><\/div><\/div><\/div><\/div><\/div><\/div><div class=\"wgl_col-12 item\"><div class=\"blog-post format-standard-image\"><div class=\"blog-post_wrapper\"><div class=\"blog-post_media\"><div class=\"blog-post_media_part\"><a href=\"https:\/\/patilerinsesi.org\/de\/yuva-arayanlar-mavis\/\" class=\"media-link image-overlay\"><img decoding=\"async\" src=\"https:\/\/patilerinsesi.org\/wordpress\/wp-content\/uploads\/2020\/08\/SHN08621-scaled-1170x725.jpg\" class=\"blog-img blog-img\" alt=\"SHN08621\"><\/a><\/div><span class=\"post_categories\"><span><a href=\"https:\/\/patilerinsesi.org\/de\/category\/sahiplenmeyi-bekleyenler\/\">Sahiplenmeyi Bekleyenler<\/a><\/span><\/span><\/div><div class=\"blog-post_content\"><div class=\"meta-data\"><span class=\"post_date\">15 April 2025<\/span><\/div><h3 class=\"blog-post_title\"><a href=\"https:\/\/patilerinsesi.org\/de\/yuva-arayanlar-mavis\/\">Mavi\u015f<\/a><\/h3><div class=\"blog-post_text\">6 ayl\u0131k, merakl\u0131 bir yavru. \u0130lk a\u015f\u0131lar\u0131 yap\u0131ld\u0131, kazadan sonra h\u0131zla toparland\u0131. Enerjik ve sevgi dolu bir yolda\u015f ar\u0131yorsan, Mavi\u015f tam sana g\u00f6re!<\/div><\/div><div class=\"blog-post_meta-wrap\"><div class=\"meta-data\"><span class=\"post_author\">By <a href=\"https:\/\/patilerinsesi.org\/de\/author\/patilerinsesiorg\/\">patilerinsesiorg<\/a><\/span><span class=\"comments_post\"><a href=\"https:\/\/patilerinsesi.org\/de\/yuva-arayanlar-mavis\/#respond\" title=\"Leave a reply\">0 Comments<\/a><\/span><\/div><div class=\"meta-info\"><div class=\"share_post-container\"><a href=\"#\"><\/a><div class=\"share_social-wpapper\"><ul><li><a class=\"share_post share_twitter\" target=\"_blank\" href=\"https:\/\/twitter.com\/intent\/tweet?text=Mavi\u015f&#038;url=https:\/\/patilerinsesi.org\/de\/yuva-arayanlar-mavis\/\"><span class=\"fab fa-twitter\"><\/span><\/a><\/li><li><a class=\"share_post share_facebook\" target=\"_blank\" href=\"https:\/\/www.facebook.com\/share.php?u=https:\/\/patilerinsesi.org\/de\/yuva-arayanlar-mavis\/\"><span class=\"fab fa-facebook-f\"><\/span><\/a><\/li><li><a class=\"share_post share_pinterest\" target=\"_blank\" href=\"https:\/\/pinterest.com\/pin\/create\/button\/?url=https:\/\/patilerinsesi.org\/de\/yuva-arayanlar-mavis\/&#038;media=https:\/\/patilerinsesi.org\/wordpress\/wp-content\/uploads\/2020\/08\/SHN08621-scaled.jpg\"><span class=\"fab fa-pinterest-p\"><\/span><\/a><\/li><li><a class=\"share_post share_linkedin\" target=\"_blank\" href=\"http:\/\/www.linkedin.com\/shareArticle?mini=true&#038;url=https%3A%2F%2Fpatilerinsesi.org%2Fde%2Fyuva-arayanlar-mavis%2F&title=Mavi%C5%9F\"><span class=\"fab fa-linkedin-in fa-linkedin\"><\/span><\/a><\/li><\/ul><\/div><\/div><\/div><\/div><\/div><\/div><\/div><div class=\"wgl_col-12 item\"><div class=\"blog-post format-standard-image\"><div class=\"blog-post_wrapper\"><div class=\"blog-post_media\"><div class=\"blog-post_media_part\"><a href=\"https:\/\/patilerinsesi.org\/de\/yuva-arayanlar-duman\/\" class=\"media-link image-overlay\"><img decoding=\"async\" src=\"https:\/\/patilerinsesi.org\/wordpress\/wp-content\/uploads\/2020\/08\/SHN08791-scaled-1170x725.jpg\" class=\"blog-img blog-img blog-img\" alt=\"SHN08791\"><\/a><\/div><span class=\"post_categories\"><span><a href=\"https:\/\/patilerinsesi.org\/de\/category\/sahiplenmeyi-bekleyenler\/\">Sahiplenmeyi Bekleyenler<\/a><\/span><\/span><\/div><div class=\"blog-post_content\"><div class=\"meta-data\"><span class=\"post_date\">15 April 2025<\/span><\/div><h3 class=\"blog-post_title\"><a href=\"https:\/\/patilerinsesi.org\/de\/yuva-arayanlar-duman\/\">Duman<\/a><\/h3><div class=\"blog-post_text\">4 ya\u015f\u0131ndaki bu yak\u0131\u015f\u0131kl\u0131 delikanl\u0131, hem sevecen hem koruyucu. A\u015f\u0131lar\u0131 ve k\u0131s\u0131rla\u015ft\u0131rmas\u0131 tamamland\u0131. Bah\u00e7eli evler i\u00e7in ideal bir dost.<\/div><\/div><div class=\"blog-post_meta-wrap\"><div class=\"meta-data\"><span class=\"post_author\">By <a href=\"https:\/\/patilerinsesi.org\/de\/author\/patilerinsesiorg\/\">patilerinsesiorg<\/a><\/span><span class=\"comments_post\"><a href=\"https:\/\/patilerinsesi.org\/de\/yuva-arayanlar-duman\/#respond\" title=\"Leave a reply\">0 Comments<\/a><\/span><\/div><div class=\"meta-info\"><div class=\"share_post-container\"><a href=\"#\"><\/a><div class=\"share_social-wpapper\"><ul><li><a class=\"share_post share_twitter\" target=\"_blank\" href=\"https:\/\/twitter.com\/intent\/tweet?text=Duman&#038;url=https:\/\/patilerinsesi.org\/de\/yuva-arayanlar-duman\/\"><span class=\"fab fa-twitter\"><\/span><\/a><\/li><li><a class=\"share_post share_facebook\" target=\"_blank\" href=\"https:\/\/www.facebook.com\/share.php?u=https:\/\/patilerinsesi.org\/de\/yuva-arayanlar-duman\/\"><span class=\"fab fa-facebook-f\"><\/span><\/a><\/li><li><a class=\"share_post share_pinterest\" target=\"_blank\" href=\"https:\/\/pinterest.com\/pin\/create\/button\/?url=https:\/\/patilerinsesi.org\/de\/yuva-arayanlar-duman\/&#038;media=https:\/\/patilerinsesi.org\/wordpress\/wp-content\/uploads\/2020\/08\/SHN08791-scaled.jpg\"><span class=\"fab fa-pinterest-p\"><\/span><\/a><\/li><li><a class=\"share_post share_linkedin\" target=\"_blank\" href=\"http:\/\/www.linkedin.com\/shareArticle?mini=true&#038;url=https%3A%2F%2Fpatilerinsesi.org%2Fde%2Fyuva-arayanlar-duman%2F&title=Duman\"><span class=\"fab fa-linkedin-in fa-linkedin\"><\/span><\/a><\/li><\/ul><\/div><\/div><\/div><\/div><\/div><\/div><\/div><div class=\"wgl_col-12 item\"><div class=\"blog-post format-gallery format-no_featured\"><div class=\"blog-post_wrapper\"><div class=\"blog-post_content\"><span class=\"post_categories\"><span><a href=\"https:\/\/patilerinsesi.org\/de\/category\/basin-haberler\/\">Bas\u0131n &amp; Haberler<\/a><\/span><\/span><div class=\"meta-data\"><span class=\"post_date\">10 September 2020<\/span><\/div><h3 class=\"blog-post_title\"><a href=\"https:\/\/patilerinsesi.org\/de\/get-ready-for-giving-tuesday-2020-2\/\">Get Ready For #Giving Tuesday 2020<\/a><\/h3><div class=\"blog-post_text\">Nisl rhoncus mattis rhoncus urna. Ullamcorper malesuada proin libero nunc consequat interdum varius sit amet. Pharetra magna ac placerat vestibulum lectus mauris.<\/div><\/div><div class=\"blog-post_meta-wrap\"><div class=\"meta-data\"><span class=\"post_author\">By <a href=\"https:\/\/patilerinsesi.org\/de\/author\/patilerinsesiorg\/\">patilerinsesiorg<\/a><\/span><span class=\"comments_post\"><a href=\"https:\/\/patilerinsesi.org\/de\/get-ready-for-giving-tuesday-2020-2\/#respond\" title=\"Leave a reply\">0 Comments<\/a><\/span><\/div><div class=\"meta-info\"><div class=\"share_post-container\"><a href=\"#\"><\/a><div class=\"share_social-wpapper\"><ul><li><a class=\"share_post share_twitter\" target=\"_blank\" href=\"https:\/\/twitter.com\/intent\/tweet?text=Get%20Ready%20For%20#Giving%20Tuesday%202020&#038;url=https:\/\/patilerinsesi.org\/de\/get-ready-for-giving-tuesday-2020-2\/\"><span class=\"fab fa-twitter\"><\/span><\/a><\/li><li><a class=\"share_post share_facebook\" target=\"_blank\" href=\"https:\/\/www.facebook.com\/share.php?u=https:\/\/patilerinsesi.org\/de\/get-ready-for-giving-tuesday-2020-2\/\"><span class=\"fab fa-facebook-f\"><\/span><\/a><\/li><li><a class=\"share_post share_linkedin\" target=\"_blank\" href=\"http:\/\/www.linkedin.com\/shareArticle?mini=true&#038;url=https%3A%2F%2Fpatilerinsesi.org%2Fde%2Fget-ready-for-giving-tuesday-2020-2%2F&title=Get+Ready+For+%23Giving+Tuesday+2020\"><span class=\"fab fa-linkedin-in fa-linkedin\"><\/span><\/a><\/li><\/ul><\/div><\/div><\/div><\/div><\/div><\/div><\/div><div class=\"wgl_col-12 item\"><div class=\"blog-post format-standard-image\"><div class=\"blog-post_wrapper\"><div class=\"blog-post_media\"><div class=\"blog-post_media_part\"><a href=\"https:\/\/patilerinsesi.org\/de\/yuva-arayanlar-1\/\" class=\"media-link image-overlay\"><img decoding=\"async\" src=\"https:\/\/patilerinsesi.org\/wordpress\/wp-content\/uploads\/2020\/08\/SHN08782-scaled-1170x725.jpg\" class=\"blog-img blog-img blog-img blog-img blog-img\" alt=\"SHN08782\"><\/a><\/div><span class=\"post_categories\"><span><a href=\"https:\/\/patilerinsesi.org\/de\/category\/sahiplenmeyi-bekleyenler\/\">Sahiplenmeyi Bekleyenler<\/a><\/span><\/span><\/div><div class=\"blog-post_content\"><div class=\"meta-data\"><span class=\"post_date\">10 September 2020<\/span><\/div><h3 class=\"blog-post_title\"><a href=\"https:\/\/patilerinsesi.org\/de\/yuva-arayanlar-1\/\">Luna<\/a><\/h3><div class=\"blog-post_text\">Sevgi dolu ve oyuncu bir 2 ya\u015f\u0131ndaki di\u015fi. Terk edildikten sonra sa\u011fl\u0131\u011f\u0131na kavu\u015ftu, t\u00fcm a\u015f\u0131lar\u0131 tamamland\u0131. Yeni yuvas\u0131n\u0131 sab\u0131rs\u0131zl\u0131kla bekliyor.<\/div><\/div><div class=\"blog-post_meta-wrap\"><div class=\"meta-data\"><span class=\"post_author\">By <a href=\"https:\/\/patilerinsesi.org\/de\/author\/patilerinsesiorg\/\">patilerinsesiorg<\/a><\/span><span class=\"comments_post\"><a href=\"https:\/\/patilerinsesi.org\/de\/yuva-arayanlar-1\/#respond\" title=\"Leave a reply\">0 Comments<\/a><\/span><\/div><div class=\"meta-info\"><div class=\"share_post-container\"><a href=\"#\"><\/a><div class=\"share_social-wpapper\"><ul><li><a class=\"share_post share_twitter\" target=\"_blank\" href=\"https:\/\/twitter.com\/intent\/tweet?text=Luna&#038;url=https:\/\/patilerinsesi.org\/de\/yuva-arayanlar-1\/\"><span class=\"fab fa-twitter\"><\/span><\/a><\/li><li><a class=\"share_post share_facebook\" target=\"_blank\" href=\"https:\/\/www.facebook.com\/share.php?u=https:\/\/patilerinsesi.org\/de\/yuva-arayanlar-1\/\"><span class=\"fab fa-facebook-f\"><\/span><\/a><\/li><li><a class=\"share_post share_pinterest\" target=\"_blank\" href=\"https:\/\/pinterest.com\/pin\/create\/button\/?url=https:\/\/patilerinsesi.org\/de\/yuva-arayanlar-1\/&#038;media=https:\/\/patilerinsesi.org\/wordpress\/wp-content\/uploads\/2020\/08\/SHN08782-scaled.jpg\"><span class=\"fab fa-pinterest-p\"><\/span><\/a><\/li><li><a class=\"share_post share_linkedin\" target=\"_blank\" href=\"http:\/\/www.linkedin.com\/shareArticle?mini=true&#038;url=https%3A%2F%2Fpatilerinsesi.org%2Fde%2Fyuva-arayanlar-1%2F&title=Luna\"><span class=\"fab fa-linkedin-in fa-linkedin\"><\/span><\/a><\/li><\/ul><\/div><\/div><\/div><\/div><\/div><\/div><\/div><div class=\"wgl_col-12 item\"><div class=\"blog-post format-standard format-no_featured\"><div class=\"blog-post_wrapper\"><div class=\"blog-post_content\"><span class=\"post_categories\"><span><a href=\"https:\/\/patilerinsesi.org\/de\/category\/blog\/\">Blog<\/a><\/span><\/span><div class=\"meta-data\"><span class=\"post_date\">10 September 2020<\/span><\/div><h3 class=\"blog-post_title\"><a href=\"https:\/\/patilerinsesi.org\/de\/providing-clean-water-on-the-blue-planet-3\/\">Providing Clean Water on the Blue Planet<\/a><\/h3><div class=\"blog-post_text\">Tincidunt praesent semper feugiat nibh. Convallis tellus id interdum velit. Arcu dictum varius duis at consectetur. Ultricies mi quis hendrerit dolor magna.<\/div><\/div><div class=\"blog-post_meta-wrap\"><div class=\"meta-data\"><span class=\"post_author\">By <a href=\"https:\/\/patilerinsesi.org\/de\/author\/patilerinsesiorg\/\">patilerinsesiorg<\/a><\/span><span class=\"comments_post\"><a href=\"https:\/\/patilerinsesi.org\/de\/providing-clean-water-on-the-blue-planet-3\/#respond\" title=\"Leave a reply\">0 Comments<\/a><\/span><\/div><div class=\"meta-info\"><div class=\"share_post-container\"><a href=\"#\"><\/a><div class=\"share_social-wpapper\"><ul><li><a class=\"share_post share_twitter\" target=\"_blank\" href=\"https:\/\/twitter.com\/intent\/tweet?text=Providing%20Clean%20Water%20on%20the%20Blue%20Planet&#038;url=https:\/\/patilerinsesi.org\/de\/providing-clean-water-on-the-blue-planet-3\/\"><span class=\"fab fa-twitter\"><\/span><\/a><\/li><li><a class=\"share_post share_facebook\" target=\"_blank\" href=\"https:\/\/www.facebook.com\/share.php?u=https:\/\/patilerinsesi.org\/de\/providing-clean-water-on-the-blue-planet-3\/\"><span class=\"fab fa-facebook-f\"><\/span><\/a><\/li><li><a class=\"share_post share_linkedin\" target=\"_blank\" href=\"http:\/\/www.linkedin.com\/shareArticle?mini=true&#038;url=https%3A%2F%2Fpatilerinsesi.org%2Fde%2Fproviding-clean-water-on-the-blue-planet-3%2F&title=Providing+Clean+Water+on+the+Blue+Planet\"><span class=\"fab fa-linkedin-in fa-linkedin\"><\/span><\/a><\/li><\/ul><\/div><\/div><\/div><\/div><\/div><\/div><\/div><div class=\"wgl_col-12 item\"><div class=\"blog-post format-standard-image\"><div class=\"blog-post_wrapper\"><div class=\"blog-post_media\"><div class=\"blog-post_media_part\"><a href=\"https:\/\/patilerinsesi.org\/de\/yuva-arayanlar-zeytin\/\" class=\"media-link image-overlay\"><img decoding=\"async\" src=\"https:\/\/patilerinsesi.org\/wordpress\/wp-content\/uploads\/2020\/08\/SHN08752-scaled-1170x725.jpg\" class=\"blog-img blog-img blog-img blog-img blog-img blog-img blog-img\" alt=\"SHN08752\"><\/a><\/div><span class=\"post_categories\"><span><a href=\"https:\/\/patilerinsesi.org\/de\/category\/sahiplenmeyi-bekleyenler\/\">Sahiplenmeyi Bekleyenler<\/a><\/span><\/span><\/div><div class=\"blog-post_content\"><div class=\"meta-data\"><span class=\"post_date\">27 August 2020<\/span><\/div><h3 class=\"blog-post_title\"><a href=\"https:\/\/patilerinsesi.org\/de\/yuva-arayanlar-zeytin\/\">Zeytin<\/a><\/h3><div class=\"blog-post_text\">1 ya\u015f\u0131nda, erkek ve olduk\u00e7a uysal bir karaktere sahip. Karma ve kuduz a\u015f\u0131lar\u0131 yap\u0131ld\u0131. \u00c7ocuklarla \u00e7ok iyi anla\u015f\u0131yor, s\u0131cak bir aile ar\u0131yor.<\/div><\/div><div class=\"blog-post_meta-wrap\"><div class=\"meta-data\"><span class=\"post_author\">By <a href=\"https:\/\/patilerinsesi.org\/de\/author\/patilerinsesiorg\/\">patilerinsesiorg<\/a><\/span><span class=\"comments_post\"><a href=\"https:\/\/patilerinsesi.org\/de\/yuva-arayanlar-zeytin\/#respond\" title=\"Leave a reply\">0 Comments<\/a><\/span><\/div><div class=\"meta-info\"><div class=\"share_post-container\"><a href=\"#\"><\/a><div class=\"share_social-wpapper\"><ul><li><a class=\"share_post share_twitter\" target=\"_blank\" href=\"https:\/\/twitter.com\/intent\/tweet?text=Zeytin&#038;url=https:\/\/patilerinsesi.org\/de\/yuva-arayanlar-zeytin\/\"><span class=\"fab fa-twitter\"><\/span><\/a><\/li><li><a class=\"share_post share_facebook\" target=\"_blank\" href=\"https:\/\/www.facebook.com\/share.php?u=https:\/\/patilerinsesi.org\/de\/yuva-arayanlar-zeytin\/\"><span class=\"fab fa-facebook-f\"><\/span><\/a><\/li><li><a class=\"share_post share_pinterest\" target=\"_blank\" href=\"https:\/\/pinterest.com\/pin\/create\/button\/?url=https:\/\/patilerinsesi.org\/de\/yuva-arayanlar-zeytin\/&#038;media=https:\/\/patilerinsesi.org\/wordpress\/wp-content\/uploads\/2020\/08\/SHN08752-scaled.jpg\"><span class=\"fab fa-pinterest-p\"><\/span><\/a><\/li><li><a class=\"share_post share_linkedin\" target=\"_blank\" href=\"http:\/\/www.linkedin.com\/shareArticle?mini=true&#038;url=https%3A%2F%2Fpatilerinsesi.org%2Fde%2Fyuva-arayanlar-zeytin%2F&title=Zeytin\"><span class=\"fab fa-linkedin-in fa-linkedin\"><\/span><\/a><\/li><\/ul><\/div><\/div><\/div><\/div><\/div><\/div><\/div><\/div><\/div><ul class=\"wgl-pagination\"><li class='page'><span aria-current=\"page\" class=\"page-numbers current\">1<\/span><\/li><li class='page'><a class=\"page-numbers\" href=\"https:\/\/patilerinsesi.org\/de\/wp-json\/wp\/v2\/pages\/470\/page\/2\/\">2<\/a><\/li><li class='page'><a class=\"page-numbers\" href=\"https:\/\/patilerinsesi.org\/de\/wp-json\/wp\/v2\/pages\/470\/page\/3\/\">3<\/a><\/li><li class='page'><a class=\"next page-numbers\" href=\"https:\/\/patilerinsesi.org\/de\/wp-json\/wp\/v2\/pages\/470\/page\/2\/\"><i class=\"flaticon-right-arrow-1\"><\/i><\/a><\/li><\/ul><\/section>\t\t\t\t<\/div>\n\t\t\t\t<\/div>\n\t\t\t\t\t<\/div>\n\t\t<\/div>\n\t\t\t\t\t<\/div>\n\t\t<\/section>\n\t\t\t\t<\/div>","protected":false},"excerpt":{"rendered":"<p>DONATIONSeptember 10, 2020 Take Your Online Donation to the Next Level! Tellus mauris a diam maecenas sed enim ut sem. Viverra accumsan in nisl nisi scelerisque eu ultrices vitae. Pellentesque eu tincidunt tortor aliquam.By developers2 Comments FOOD AND WATERSeptember 10, 2020 Giving Voice To The Voiceless Diam maecenas sed enim ut sem. Aliquet enim tortor [&hellip;]<\/p>\n","protected":false},"author":1,"featured_media":0,"parent":0,"menu_order":0,"comment_status":"closed","ping_status":"closed","template":"","meta":{"give_campaign_id":0,"footnotes":""},"class_list":["post-470","page","type-page","status-publish","hentry"],"campaignId":"","_links":{"self":[{"href":"https:\/\/patilerinsesi.org\/de\/wp-json\/wp\/v2\/pages\/470","targetHints":{"allow":["GET"]}}],"collection":[{"href":"https:\/\/patilerinsesi.org\/de\/wp-json\/wp\/v2\/pages"}],"about":[{"href":"https:\/\/patilerinsesi.org\/de\/wp-json\/wp\/v2\/types\/page"}],"author":[{"embeddable":true,"href":"https:\/\/patilerinsesi.org\/de\/wp-json\/wp\/v2\/users\/1"}],"replies":[{"embeddable":true,"href":"https:\/\/patilerinsesi.org\/de\/wp-json\/wp\/v2\/comments?post=470"}],"version-history":[{"count":0,"href":"https:\/\/patilerinsesi.org\/de\/wp-json\/wp\/v2\/pages\/470\/revisions"}],"wp:attachment":[{"href":"https:\/\/patilerinsesi.org\/de\/wp-json\/wp\/v2\/media?parent=470"}],"curies":[{"name":"wp","href":"https:\/\/api.w.org\/{rel}","templated":true}]}}