{"id":805,"date":"2020-08-27T23:42:03","date_gmt":"2020-08-27T23:42:03","guid":{"rendered":"https:\/\/bighearts.wgl-demo.net\/?page_id=805"},"modified":"2025-04-15T13:06:50","modified_gmt":"2025-04-15T10:06:50","slug":"faq","status":"publish","type":"page","link":"https:\/\/patilerinsesi.org\/de\/faq\/","title":{"rendered":"Wissensdatenbank"},"content":{"rendered":"<div data-elementor-type=\"wp-page\" data-elementor-id=\"805\" class=\"elementor elementor-805\">\n\t\t\t\t\t\t<section class=\"elementor-section elementor-top-section elementor-element elementor-element-9ccfe22 elementor-section-boxed elementor-section-height-default elementor-section-height-default\" data-id=\"9ccfe22\" data-element_type=\"section\">\n\t\t\t\t\t\t<div class=\"elementor-container elementor-column-gap-default\">\n\t\t\t\t\t<div class=\"elementor-column elementor-col-100 elementor-top-column elementor-element elementor-element-2fcf8b0\" data-id=\"2fcf8b0\" data-element_type=\"column\">\n\t\t\t<div class=\"elementor-widget-wrap elementor-element-populated\">\n\t\t\t\t\t\t<div class=\"elementor-element elementor-element-2be1afa acenter elementor-widget elementor-widget-wgl-double-headings\" data-id=\"2be1afa\" data-element_type=\"widget\" data-widget_type=\"wgl-double-headings.default\">\n\t\t\t\t<div class=\"elementor-widget-container\">\n\t\t\t\t\t        <div class=\"wgl-double_heading\"><h3 class=\"dbl__title-wrapper\"><span class=\"dbl__title dbl-title_1\">Wissensdatenbank<\/span><\/h3>        <\/div>\t\t\t\t<\/div>\n\t\t\t\t<\/div>\n\t\t\t\t\t<\/div>\n\t\t<\/div>\n\t\t\t\t\t<\/div>\n\t\t<\/section>\n\t\t\t\t<section class=\"elementor-section elementor-top-section elementor-element elementor-element-0c68329 elementor-section-boxed elementor-section-height-default elementor-section-height-default\" data-id=\"0c68329\" data-element_type=\"section\">\n\t\t\t\t\t\t<div class=\"elementor-container elementor-column-gap-default\">\n\t\t\t\t\t<div class=\"elementor-column elementor-col-100 elementor-top-column elementor-element elementor-element-8671b90\" data-id=\"8671b90\" data-element_type=\"column\">\n\t\t\t<div class=\"elementor-widget-wrap elementor-element-populated\">\n\t\t\t\t\t\t<div class=\"elementor-element elementor-element-64678dd elementor-widget elementor-widget-spacer\" data-id=\"64678dd\" data-element_type=\"widget\" data-widget_type=\"spacer.default\">\n\t\t\t\t<div class=\"elementor-widget-container\">\n\t\t\t\t\t\t\t<div class=\"elementor-spacer\">\n\t\t\t<div class=\"elementor-spacer-inner\"><\/div>\n\t\t<\/div>\n\t\t\t\t\t\t<\/div>\n\t\t\t\t<\/div>\n\t\t\t\t\t<\/div>\n\t\t<\/div>\n\t\t\t\t\t<\/div>\n\t\t<\/section>\n\t\t\t\t<section class=\"elementor-section elementor-top-section elementor-element elementor-element-eb4fe62 elementor-section-boxed elementor-section-height-default elementor-section-height-default\" data-id=\"eb4fe62\" data-element_type=\"section\">\n\t\t\t\t\t\t<div class=\"elementor-container elementor-column-gap-default\">\n\t\t\t\t\t<div class=\"elementor-column elementor-col-100 elementor-top-column elementor-element elementor-element-48d4031\" data-id=\"48d4031\" data-element_type=\"column\">\n\t\t\t<div class=\"elementor-widget-wrap elementor-element-populated\">\n\t\t\t\t\t\t<div class=\"elementor-element elementor-element-0dcfed5 elementor-widget elementor-widget-text-editor\" data-id=\"0dcfed5\" data-element_type=\"widget\" data-widget_type=\"text-editor.default\">\n\t\t\t\t<div class=\"elementor-widget-container\">\n\t\t\t\t\t\t\t\t\t<p class=\"\" data-start=\"191\" data-end=\"430\">Wir haben Ihre Fragen beantwortet! Auf dieser Seite finden Sie die am h\u00e4ufigsten gestellten Fragen \u2013 vom Ablauf unseres Vereins \u00fcber den Adoptionsprozess bis hin zu Tierrechten und rechtlichen Informationen. Wenn Sie weitere Fragen haben, z\u00f6gern Sie nicht, uns zu kontaktieren.<\/p>\t\t\t\t\t\t\t\t<\/div>\n\t\t\t\t<\/div>\n\t\t\t\t\t<\/div>\n\t\t<\/div>\n\t\t\t\t\t<\/div>\n\t\t<\/section>\n\t\t\t\t<section class=\"elementor-section elementor-top-section elementor-element elementor-element-4ce8615 elementor-section-boxed elementor-section-height-default elementor-section-height-default\" data-id=\"4ce8615\" data-element_type=\"section\">\n\t\t\t\t\t\t<div class=\"elementor-container elementor-column-gap-default\">\n\t\t\t\t\t<div class=\"elementor-column elementor-col-100 elementor-top-column elementor-element elementor-element-1749267\" data-id=\"1749267\" data-element_type=\"column\">\n\t\t\t<div class=\"elementor-widget-wrap elementor-element-populated\">\n\t\t\t\t\t\t<div class=\"elementor-element elementor-element-ce2d346 elementor-widget elementor-widget-spacer\" data-id=\"ce2d346\" data-element_type=\"widget\" data-widget_type=\"spacer.default\">\n\t\t\t\t<div class=\"elementor-widget-container\">\n\t\t\t\t\t\t\t<div class=\"elementor-spacer\">\n\t\t\t<div class=\"elementor-spacer-inner\"><\/div>\n\t\t<\/div>\n\t\t\t\t\t\t<\/div>\n\t\t\t\t<\/div>\n\t\t\t\t\t<\/div>\n\t\t<\/div>\n\t\t\t\t\t<\/div>\n\t\t<\/section>\n\t\t\t\t<section class=\"elementor-section elementor-top-section elementor-element elementor-element-925e512 elementor-section-boxed elementor-section-height-default elementor-section-height-default\" data-id=\"925e512\" data-element_type=\"section\">\n\t\t\t\t\t\t<div class=\"elementor-container elementor-column-gap-default\">\n\t\t\t\t\t<div class=\"elementor-column elementor-col-50 elementor-top-column elementor-element elementor-element-d5718d1\" data-id=\"d5718d1\" data-element_type=\"column\">\n\t\t\t<div class=\"elementor-widget-wrap elementor-element-populated\">\n\t\t\t\t\t\t<div class=\"elementor-element elementor-element-6f092ca acenter elementor-widget elementor-widget-wgl-double-headings\" data-id=\"6f092ca\" data-element_type=\"widget\" data-widget_type=\"wgl-double-headings.default\">\n\t\t\t\t<div class=\"elementor-widget-container\">\n\t\t\t\t\t        <div class=\"wgl-double_heading\">                <div class=\"dbl__subtitle\"><span>Unser Verein<\/span>                <\/div>        <\/div>\t\t\t\t<\/div>\n\t\t\t\t<\/div>\n\t\t\t\t<div class=\"elementor-element elementor-element-3e61f64 elementor-view-default elementor-widget elementor-widget-wgl-toggle-accordion\" data-id=\"3e61f64\" data-element_type=\"widget\" data-widget_type=\"wgl-toggle-accordion.default\">\n\t\t\t\t<div class=\"elementor-widget-container\">\n\t\t\t\t\t<div class=\"wgl-accordion icon-plus\" id=\"wgl-accordion-3e61f64\" data-type=\"toggle\"><div class=\"wgl-accordion_panel\"><h4 id=\"wgl-accordion_header-6541\" class=\"wgl-accordion_header\" data-default=\"yes\"><span class=\"wgl-accordion_title\">In welcher Stadt ist Ihr Verein t\u00e4tig?<\/span><i class=\"wgl-accordion_icon elementor-icon\"><\/i><\/h4><div class=\"wgl-accordion_content\"><p class=\"\" data-start=\"484\" data-end=\"652\">Unser Verein ist derzeit in Denizli ans\u00e4ssig t\u00e4tig, erh\u00e4lt jedoch auch Unterst\u00fctzung aus dem ganzen Land.<\/p><\/div><\/div><div class=\"wgl-accordion_panel\"><h4 id=\"wgl-accordion_header-6542\" class=\"wgl-accordion_header\" data-default=\"\"><span class=\"wgl-accordion_title\">Woher nehmen Sie die Tiere auf?<\/span><i class=\"wgl-accordion_icon elementor-icon\"><\/i><\/h4><div class=\"wgl-accordion_content\"><p class=\"\" data-start=\"657\" data-end=\"803\">Wir nehmen Tiere in unseren Hof auf, die auf der Stra\u00dfe verletzt, ausgesetzt oder in einer schwierigen Lage sind.<\/p><\/div><\/div><div class=\"wgl-accordion_panel\"><h4 id=\"wgl-accordion_header-6543\" class=\"wgl-accordion_header\" data-default=\"\"><span class=\"wgl-accordion_title\">Wie viele Tiere leben auf Ihrem Hof?<\/span><i class=\"wgl-accordion_icon elementor-icon\"><\/i><\/h4><div class=\"wgl-accordion_content\"><p class=\"\" data-start=\"808\" data-end=\"955\">Unsere Kapazit\u00e4t liegt im Durchschnitt zwischen 50 und 100 Tieren. Jedes von ihnen lebt unter sicheren und gesunden Bedingungen.<\/p><\/div><\/div><div class=\"wgl-accordion_panel\"><h4 id=\"wgl-accordion_header-6544\" class=\"wgl-accordion_header\" data-default=\"\"><span class=\"wgl-accordion_title\">Arbeitet der Verein vollst\u00e4ndig auf freiwilliger Basis?<\/span><i class=\"wgl-accordion_icon elementor-icon\"><\/i><\/h4><div class=\"wgl-accordion_content\"><p class=\"\" data-start=\"960\" data-end=\"1118\">Ja, wir arbeiten gr\u00f6\u00dftenteils mit unseren Freiwilligen. Einige tier\u00e4rztliche Leistungen werden jedoch mit professioneller Unterst\u00fctzung durchgef\u00fchrt.<\/p><\/div><\/div><div class=\"wgl-accordion_panel\"><h4 id=\"wgl-accordion_header-6545\" class=\"wgl-accordion_header\" data-default=\"\"><span class=\"wgl-accordion_title\">Wie werden die Spenden verwendet?<\/span><i class=\"wgl-accordion_icon elementor-icon\"><\/i><\/h4><div class=\"wgl-accordion_content\"><p class=\"\" data-start=\"1123\" data-end=\"1243\">Alle Spenden werden f\u00fcr die Behandlung, das Futter, die Unterbringung und die Pflege der Tiere verwendet.<\/p><\/div><\/div><div class=\"wgl-accordion_panel\"><h4 id=\"wgl-accordion_header-6546\" class=\"wgl-accordion_header\" data-default=\"\"><span class=\"wgl-accordion_title\">K\u00f6nnen wir Sie besuchen?<\/span><i class=\"wgl-accordion_icon elementor-icon\"><\/i><\/h4><div class=\"wgl-accordion_content\"><p class=\"\" data-start=\"1248\" data-end=\"1396\">An bestimmten Tagen empfangen wir G\u00e4ste im Rahmen von freiwilligen Besuchen oder Veranstaltungen. Sie k\u00f6nnen uns \u00fcber unsere sozialen Medien verfolgen.<\/p><\/div><\/div><div class=\"wgl-accordion_panel\"><h4 id=\"wgl-accordion_header-6547\" class=\"wgl-accordion_header\" data-default=\"\"><span class=\"wgl-accordion_title\">K\u00f6nnen wir sp\u00e4ter Unterst\u00fctzung f\u00fcr ein Tier erhalten, das wir von Ihnen adoptiert haben?<\/span><i class=\"wgl-accordion_icon elementor-icon\"><\/i><\/h4><div class=\"wgl-accordion_content\"><p class=\"\" data-start=\"1401\" data-end=\"1562\">Nat\u00fcrlich! Auch nach der Adoption unterst\u00fctzen wir weiterhin mit Beratung und grundlegenden Pflegehinweisen.<\/p><\/div><\/div><\/div>\t\t\t\t<\/div>\n\t\t\t\t<\/div>\n\t\t\t\t\t<\/div>\n\t\t<\/div>\n\t\t\t\t<div class=\"elementor-column elementor-col-50 elementor-top-column elementor-element elementor-element-71346a6\" data-id=\"71346a6\" data-element_type=\"column\">\n\t\t\t<div class=\"elementor-widget-wrap elementor-element-populated\">\n\t\t\t\t\t\t<div class=\"elementor-element elementor-element-d86a9d7 acenter elementor-widget elementor-widget-wgl-double-headings\" data-id=\"d86a9d7\" data-element_type=\"widget\" data-widget_type=\"wgl-double-headings.default\">\n\t\t\t\t<div class=\"elementor-widget-container\">\n\t\t\t\t\t        <div class=\"wgl-double_heading\">                <div class=\"dbl__subtitle\"><span>Tierrechte<\/span>                <\/div>        <\/div>\t\t\t\t<\/div>\n\t\t\t\t<\/div>\n\t\t\t\t<div class=\"elementor-element elementor-element-3a89deb elementor-view-default elementor-widget elementor-widget-wgl-toggle-accordion\" data-id=\"3a89deb\" data-element_type=\"widget\" data-widget_type=\"wgl-toggle-accordion.default\">\n\t\t\t\t<div class=\"elementor-widget-container\">\n\t\t\t\t\t<div class=\"wgl-accordion icon-plus\" id=\"wgl-accordion-3a89deb\" data-type=\"toggle\"><div class=\"wgl-accordion_panel\"><h4 id=\"wgl-accordion_header-6131\" class=\"wgl-accordion_header\" data-default=\"yes\"><span class=\"wgl-accordion_title\">Ist Misshandlung von Tieren gesetzlich strafbar?<\/span><i class=\"wgl-accordion_icon elementor-icon\"><\/i><\/h4><div class=\"wgl-accordion_content\"><p class=\"\" data-start=\"1627\" data-end=\"1779\">Ja, nach dem Tierschutzgesetz Nr. 5199 ist es strafbar, Tieren Schaden zuzuf\u00fcgen.<\/p><\/div><\/div><div class=\"wgl-accordion_panel\"><h4 id=\"wgl-accordion_header-6132\" class=\"wgl-accordion_header\" data-default=\"\"><span class=\"wgl-accordion_title\">Ist es gesetzlich erlaubt, Stra\u00dfen\u00adtiere zu f\u00fcttern?<\/span><i class=\"wgl-accordion_icon elementor-icon\"><\/i><\/h4><div class=\"wgl-accordion_content\"><p class=\"\" data-start=\"1784\" data-end=\"1927\">Auf jeden Fall ja! Tieren Wasser und Futter bereitzustellen kann gesetzlich nicht verboten werden, im Gegenteil \u2013 es sollte unterst\u00fctzt werden.<\/p><\/div><\/div><div class=\"wgl-accordion_panel\"><h4 id=\"wgl-accordion_header-6133\" class=\"wgl-accordion_header\" data-default=\"\"><span class=\"wgl-accordion_title\">Wo kann ich eine Person melden, die einem Tier Schaden zuf\u00fcgt?<\/span><i class=\"wgl-accordion_icon elementor-icon\"><\/i><\/h4><div class=\"wgl-accordion_content\"><p class=\"\" data-start=\"1932\" data-end=\"2125\">Sie k\u00f6nnen sich an die n\u00e4chstgelegene Polizeidienststelle, die Gemeinde oder die Provinzdirektion f\u00fcr Land- und Forstwirtschaft wenden. Eine Beschwerde k\u00f6nnen Sie auch \u00fcber C\u0130MER einreichen.<\/p><\/div><\/div><div class=\"wgl-accordion_panel\"><h4 id=\"wgl-accordion_header-6134\" class=\"wgl-accordion_header\" data-default=\"\"><span class=\"wgl-accordion_title\">Was sollte ich tun, wenn die Bedingungen in Tierheimen schlecht sind?<\/span><i class=\"wgl-accordion_icon elementor-icon\"><\/i><\/h4><div class=\"wgl-accordion_content\"><p class=\"\" data-start=\"2130\" data-end=\"2271\">Sie k\u00f6nnen die Situation den zust\u00e4ndigen lokalen Beh\u00f6rden oder der F\u00f6deration f\u00fcr Tierrechte melden.<\/p><\/div><\/div><div class=\"wgl-accordion_panel\"><h4 id=\"wgl-accordion_header-6135\" class=\"wgl-accordion_header\" data-default=\"\"><span class=\"wgl-accordion_title\">Ist die Adoption eines Tieres ein rechtlicher Prozess?<\/span><i class=\"wgl-accordion_icon elementor-icon\"><\/i><\/h4><div class=\"wgl-accordion_content\"><p class=\"\" data-start=\"2276\" data-end=\"2413\">Ja. In manchen F\u00e4llen wird ein Vertrag abgeschlossen, und die Verantwortung f\u00fcr die Pflege des Tieres geht auf den neuen Besitzer \u00fcber.<\/p><\/div><\/div><div class=\"wgl-accordion_panel\"><h4 id=\"wgl-accordion_header-6136\" class=\"wgl-accordion_header\" data-default=\"\"><span class=\"wgl-accordion_title\">Ist es Pflicht, Haustieren eine Leine anzulegen?<\/span><i class=\"wgl-accordion_icon elementor-icon\"><\/i><\/h4><div class=\"wgl-accordion_content\"><p class=\"\" data-start=\"2418\" data-end=\"2553\">Ja, insbesondere f\u00fcr Tiere, die nach drau\u00dfen gef\u00fchrt werden, sind eine Leine und ein Registrierungssystem verpflichtend.<\/p><\/div><\/div><div class=\"wgl-accordion_panel\"><h4 id=\"wgl-accordion_header-6137\" class=\"wgl-accordion_header\" data-default=\"\"><span class=\"wgl-accordion_title\">Gelten Tierrechte nur f\u00fcr Haustiere?<\/span><i class=\"wgl-accordion_icon elementor-icon\"><\/i><\/h4><div class=\"wgl-accordion_content\"><p class=\"\" data-start=\"2558\" data-end=\"2683\">Nein, alle Tiere (einschlie\u00dflich Wildtiere) stehen unter gesetzlichem Schutz.<\/p><\/div><\/div><\/div>\t\t\t\t<\/div>\n\t\t\t\t<\/div>\n\t\t\t\t\t<\/div>\n\t\t<\/div>\n\t\t\t\t\t<\/div>\n\t\t<\/section>\n\t\t\t\t<section class=\"elementor-section elementor-top-section elementor-element elementor-element-3d0891c elementor-section-boxed elementor-section-height-default elementor-section-height-default\" data-id=\"3d0891c\" data-element_type=\"section\">\n\t\t\t\t\t\t<div class=\"elementor-container elementor-column-gap-default\">\n\t\t\t\t\t<div class=\"elementor-column elementor-col-100 elementor-top-column elementor-element elementor-element-2f3c02f\" data-id=\"2f3c02f\" data-element_type=\"column\">\n\t\t\t<div class=\"elementor-widget-wrap elementor-element-populated\">\n\t\t\t\t\t\t<div class=\"elementor-element elementor-element-7153c2c elementor-widget elementor-widget-spacer\" data-id=\"7153c2c\" data-element_type=\"widget\" data-widget_type=\"spacer.default\">\n\t\t\t\t<div class=\"elementor-widget-container\">\n\t\t\t\t\t\t\t<div class=\"elementor-spacer\">\n\t\t\t<div class=\"elementor-spacer-inner\"><\/div>\n\t\t<\/div>\n\t\t\t\t\t\t<\/div>\n\t\t\t\t<\/div>\n\t\t\t\t\t<\/div>\n\t\t<\/div>\n\t\t\t\t\t<\/div>\n\t\t<\/section>\n\t\t<div class=\"elementor-element elementor-element-95c51f6 e-flex e-con-boxed e-con e-parent\" data-id=\"95c51f6\" data-element_type=\"container\">\n\t\t\t\t\t<div class=\"e-con-inner\">\n\t\t\t\t<div class=\"elementor-element elementor-element-94f8b59 elementor-widget elementor-widget-heading\" data-id=\"94f8b59\" data-element_type=\"widget\" data-widget_type=\"heading.default\">\n\t\t\t\t<div class=\"elementor-widget-container\">\n\t\t\t\t\t<h2 class=\"elementor-heading-title elementor-size-default\">Finden Sie nicht, wonach Sie suchen?<\/h2>\t\t\t\t<\/div>\n\t\t\t\t<\/div>\n\t\t\t\t<div class=\"elementor-element elementor-element-8c1d8e7 elementor-widget elementor-widget-text-editor\" data-id=\"8c1d8e7\" data-element_type=\"widget\" data-widget_type=\"text-editor.default\">\n\t\t\t\t<div class=\"elementor-widget-container\">\n\t\t\t\t\t\t\t\t\t<p><span style=\"font-family: Nunito Sans;\">Wir sind hier, um die Stimme unserer stillen Freunde auf der Stra\u00dfe h\u00f6rbar zu machen.<\/span><span style=\"font-family: Nunito Sans;\">.<\/span><\/p><p><span style=\"font-family: Nunito Sans;\"> Wir sind offen f\u00fcr alle Fragen, W\u00fcnsche und Anregungen zu Stra\u00dfen\u00adtieren oder zu unserem Hof.<\/span><\/p><p><span style=\"font-family: Nunito Sans;\"> Um mit uns Kontakt aufzunehmen, k\u00f6nnen Sie den folgenden Link verwenden.<\/span><\/p>\t\t\t\t\t\t\t\t<\/div>\n\t\t\t\t<\/div>\n\t\t\t\t<div class=\"elementor-element elementor-element-c43bc0f acenter elementor-widget elementor-widget-wgl-button\" data-id=\"c43bc0f\" data-element_type=\"widget\" data-widget_type=\"wgl-button.default\">\n\t\t\t\t<div class=\"elementor-widget-container\">\n\t\t\t\t\t<div class=\"button-wrapper\"><a  class=\"wgl-button btn-size-sm\" role=\"button\" href=\"https:\/\/patilerinsesi.org\/de\/contacts\/\"><div class=\"button-content-wrapper\"><span class=\"wgl-button-text\">Kontaktieren Sie uns<\/span><\/div><\/a><\/div>\t\t\t\t<\/div>\n\t\t\t\t<\/div>\n\t\t\t\t\t<\/div>\n\t\t\t\t<\/div>\n\t\t\t\t<\/div>","protected":false},"excerpt":{"rendered":"<p>Bilgi Bankas\u0131 Merak ettiklerinizi yan\u0131tlad\u0131k! Derne\u011fimizin i\u015fleyi\u015finden sahiplendirme s\u00fcrecine, hayvan haklar\u0131ndan yasal bilgilere kadar en s\u0131k sorulan sorular\u0131 bu sayfada bulabilirsiniz. Akl\u0131n\u0131za tak\u0131lan ba\u015fka sorular olursa bize ula\u015fmaktan \u00e7ekinmeyin. Derne\u011fimiz Derne\u011finiz hangi \u015fehirde faaliyet g\u00f6steriyor? Derne\u011fimiz \u015fu anda Denizli merkezli olarak faaliyet g\u00f6stermektedir, ancak \u00fclke genelinden de destek al\u0131yoruz. Hayvanlar\u0131 nereden al\u0131yorsunuz? Sokaklarda yaral\u0131, terk [&hellip;]<\/p>\n","protected":false},"author":1,"featured_media":0,"parent":0,"menu_order":0,"comment_status":"closed","ping_status":"closed","template":"","meta":{"give_campaign_id":0,"footnotes":""},"class_list":["post-805","page","type-page","status-publish","hentry"],"campaignId":"","_links":{"self":[{"href":"https:\/\/patilerinsesi.org\/de\/wp-json\/wp\/v2\/pages\/805","targetHints":{"allow":["GET"]}}],"collection":[{"href":"https:\/\/patilerinsesi.org\/de\/wp-json\/wp\/v2\/pages"}],"about":[{"href":"https:\/\/patilerinsesi.org\/de\/wp-json\/wp\/v2\/types\/page"}],"author":[{"embeddable":true,"href":"https:\/\/patilerinsesi.org\/de\/wp-json\/wp\/v2\/users\/1"}],"replies":[{"embeddable":true,"href":"https:\/\/patilerinsesi.org\/de\/wp-json\/wp\/v2\/comments?post=805"}],"version-history":[{"count":27,"href":"https:\/\/patilerinsesi.org\/de\/wp-json\/wp\/v2\/pages\/805\/revisions"}],"predecessor-version":[{"id":11744,"href":"https:\/\/patilerinsesi.org\/de\/wp-json\/wp\/v2\/pages\/805\/revisions\/11744"}],"wp:attachment":[{"href":"https:\/\/patilerinsesi.org\/de\/wp-json\/wp\/v2\/media?parent=805"}],"curies":[{"name":"wp","href":"https:\/\/api.w.org\/{rel}","templated":true}]}}