{"id":837,"date":"2020-08-28T13:47:07","date_gmt":"2020-08-28T13:47:07","guid":{"rendered":"https:\/\/bighearts.wgl-demo.net\/?page_id=837"},"modified":"2026-03-07T16:53:17","modified_gmt":"2026-03-07T13:53:17","slug":"bagis-secenekleri","status":"publish","type":"page","link":"https:\/\/patilerinsesi.org\/de\/bagis-secenekleri\/","title":{"rendered":"Ba\u011f\u0131\u015f Se\u00e7enekleri"},"content":{"rendered":"<div data-elementor-type=\"wp-page\" data-elementor-id=\"837\" class=\"elementor elementor-837\">\n\t\t\t\t\t\t<section class=\"elementor-section elementor-top-section elementor-element elementor-element-6c4ced5 elementor-section-boxed elementor-section-height-default elementor-section-height-default\" data-id=\"6c4ced5\" data-element_type=\"section\">\n\t\t\t\t\t\t<div class=\"elementor-container elementor-column-gap-default\">\n\t\t\t\t\t<div class=\"elementor-column elementor-col-100 elementor-top-column elementor-element elementor-element-3bbfff3\" data-id=\"3bbfff3\" data-element_type=\"column\">\n\t\t\t<div class=\"elementor-widget-wrap elementor-element-populated\">\n\t\t\t\t\t\t<div class=\"elementor-element elementor-element-f935976 acenter elementor-widget elementor-widget-wgl-double-headings\" data-id=\"f935976\" data-element_type=\"widget\" data-widget_type=\"wgl-double-headings.default\">\n\t\t\t\t<div class=\"elementor-widget-container\">\n\t\t\t\t\t        <div class=\"wgl-double_heading\">                <div class=\"dbl__subtitle\"><span>Sei eine Hoffnung<\/span>                <\/div><h3 class=\"dbl__title-wrapper\"><span class=\"dbl__title dbl-title_1\">f\u00fcr sie<\/span><\/h3>        <\/div>\t\t\t\t<\/div>\n\t\t\t\t<\/div>\n\t\t\t\t<div class=\"elementor-element elementor-element-3869852 elementor-widget elementor-widget-text-editor\" data-id=\"3869852\" data-element_type=\"widget\" data-widget_type=\"text-editor.default\">\n\t\t\t\t<div class=\"elementor-widget-container\">\n\t\t\t\t\t\t\t\t\t<p style=\"margin-bottom: 8px;\">Her ba\u011f\u0131\u015f, terk edilmi\u015f ve yard\u0131ma muhta\u00e7 bir can\u0131n yeniden hayata tutunmas\u0131n\u0131 sa\u011flar. Patilerin Sesi olarak, her canl\u0131n\u0131n sevgi ve g\u00fcven i\u00e7inde ya\u015fayabilece\u011fi bir d\u00fcnya i\u00e7in \u00e7al\u0131\u015f\u0131yoruz. Sen de bu yolculu\u011fun bir par\u00e7as\u0131 olabilirsin.<\/p>\t\t\t\t\t\t\t\t<\/div>\n\t\t\t\t<\/div>\n\t\t\t\t\t<\/div>\n\t\t<\/div>\n\t\t\t\t\t<\/div>\n\t\t<\/section>\n\t\t\t\t<section class=\"elementor-section elementor-top-section elementor-element elementor-element-dfa4dc7 elementor-section-boxed elementor-section-height-default elementor-section-height-default\" data-id=\"dfa4dc7\" data-element_type=\"section\" data-settings=\"{&quot;background_background&quot;:&quot;classic&quot;}\">\n\t\t\t\t\t\t<div class=\"elementor-container elementor-column-gap-default\">\n\t\t\t\t\t<div class=\"elementor-column elementor-col-50 elementor-top-column elementor-element elementor-element-e73f053\" data-id=\"e73f053\" data-element_type=\"column\">\n\t\t\t<div class=\"elementor-widget-wrap elementor-element-populated\">\n\t\t\t\t\t\t<div class=\"elementor-element elementor-element-7be9cf4 aleft elementor-widget elementor-widget-wgl-double-headings\" data-id=\"7be9cf4\" data-element_type=\"widget\" data-widget_type=\"wgl-double-headings.default\">\n\t\t\t\t<div class=\"elementor-widget-container\">\n\t\t\t\t\t        <div class=\"wgl-double_heading\">                <div class=\"dbl__subtitle\"><span>Unterst\u00fctze uns<\/span>                <\/div><h3 class=\"dbl__title-wrapper\"><span class=\"dbl__title dbl-title_1\">Ver\u00e4ndere das Leben eines Lebewesens<\/span><\/h3>        <\/div>\t\t\t\t<\/div>\n\t\t\t\t<\/div>\n\t\t\t\t<div class=\"elementor-element elementor-element-fa46d28 elementor-widget elementor-widget-text-editor\" data-id=\"fa46d28\" data-element_type=\"widget\" data-widget_type=\"text-editor.default\">\n\t\t\t\t<div class=\"elementor-widget-container\">\n\t\t\t\t\t\t\t\t\t<p class=\"\" data-start=\"255\" data-end=\"522\">Als Patilerin Sesi bieten wir Tieren, die auf der Stra\u00dfe ums \u00dcberleben k\u00e4mpfen, ein warmes Zuhause, Gesundheit und eine sichere Umgebung. Auf diesem Weg ist deine Unterst\u00fctzung unsere gr\u00f6\u00dfte St\u00e4rke. Jede Spende hilft einem Tier zu genesen, satt zu werden und Liebe zu erfahren.<\/p>\t\t\t\t\t\t\t\t<\/div>\n\t\t\t\t<\/div>\n\t\t\t\t<div class=\"elementor-element elementor-element-0c67006 aleft elementor-widget-icon-box wgl-icon-box elementor-view-default elementor-widget elementor-widget-wgl-info-box\" data-id=\"0c67006\" data-element_type=\"widget\" data-widget_type=\"wgl-info-box.default\">\n\t\t\t\t<div class=\"elementor-widget-container\">\n\t\t\t\t\t<div class=\"wgl-infobox\"><div class=\"wgl-infobox_wrapper wgl-layout-left\"><div class=\"media-wrapper icon-wrapper\"><span class=\"wgl-icon\" ><i class=\"icon elementor-icon flaticon flaticon-checked\" aria-hidden=\"true\"><\/i><\/span><\/div><div class=\"content_wrapper\"><div class=\"wgl-infobox-title_wrapper\"><h3 class=\"wgl-infobox_title\"><span class=\"wgl-infobox_title-idle\">Wohin gehen deine Spenden?<\/span><\/h3><\/div><div class=\"wgl-infobox_content\"><p class=\"\" data-start=\"478\" data-end=\"651\">Die Spenden werden f\u00fcr Tierarztkosten, Futter- und Unterbringungsbedarf, die Pflege des Tierheims sowie f\u00fcr Rettungsaktionen verwendet.<\/p><\/div><\/div><\/div><\/div>\t\t\t\t<\/div>\n\t\t\t\t<\/div>\n\t\t\t\t<div class=\"elementor-element elementor-element-def4f97 aleft elementor-widget-icon-box wgl-icon-box elementor-view-default elementor-widget elementor-widget-wgl-info-box\" data-id=\"def4f97\" data-element_type=\"widget\" data-widget_type=\"wgl-info-box.default\">\n\t\t\t\t<div class=\"elementor-widget-container\">\n\t\t\t\t\t<div class=\"wgl-infobox\"><div class=\"wgl-infobox_wrapper wgl-layout-left\"><div class=\"media-wrapper icon-wrapper\"><span class=\"wgl-icon\" ><i class=\"icon elementor-icon flaticon flaticon-checked\" aria-hidden=\"true\"><\/i><\/span><\/div><div class=\"content_wrapper\"><div class=\"wgl-infobox-title_wrapper\"><h3 class=\"wgl-infobox_title\"><span class=\"wgl-infobox_title-idle\">Jede Unterst\u00fctzung z\u00e4hlt<\/span><\/h3><\/div><div class=\"wgl-infobox_content\"><p class=\"\" data-start=\"655\" data-end=\"809\">Kleine Unterst\u00fctzungen sind f\u00fcr uns genauso wertvoll wie gro\u00dfe. Vergiss nicht \u2013 eine Schale Futter kann ein warmes Zuhause bedeuten.<\/p><\/div><\/div><\/div><\/div>\t\t\t\t<\/div>\n\t\t\t\t<\/div>\n\t\t\t\t\t<\/div>\n\t\t<\/div>\n\t\t\t\t<div class=\"elementor-column elementor-col-25 elementor-top-column elementor-element elementor-element-467baef\" data-id=\"467baef\" data-element_type=\"column\">\n\t\t\t<div class=\"elementor-widget-wrap elementor-element-populated\">\n\t\t\t\t\t\t<div class=\"elementor-element elementor-element-2264145 aleft elementor-widget elementor-widget-wgl-pricing-table\" data-id=\"2264145\" data-element_type=\"widget\" data-widget_type=\"wgl-pricing-table.default\">\n\t\t\t\t<div class=\"elementor-widget-container\">\n\t\t\t\t\t        <div class=\"wgl-pricing_plan\">\r\n            <div class=\"pricing_plan_wrap\">\r\n                                <div class=\"pricing_header\">\r\n                    <div class=\"pricing_title_wrapper\"><h4 class=\"pricing_title\">Unterst\u00fctzen Sie uns ganz einfach<\/h4><\/div><div class=\"pricing_sub_title_wrapper\"><span class=\"pricing_sub_title\"><br><\/span><\/div>                    <div class=\"pricing_price_wrap\">\r\n\t                    <div class=\"pricing_price\"><\/div>                    <\/div>\r\n                <\/div>\r\n                <div class=\"pricing_content\">\r\n                    <p class=\"\" data-start=\"572\" data-end=\"728\">Du kannst mit deiner Kreditkarte sicher und in beliebiger H\u00f6he spenden. Dank der Fonzip-Infrastruktur erreichen uns deine Unterst\u00fctzungen schnell und sicher.<\/p>                <\/div>\r\n                <div class=\"pricing_footer\">\r\n\t                <div class=\"button-wrapper\"><a  class=\"wgl-button btn-size-lg\" role=\"button\" href=\"https:\/\/fonzip.com\/patilerinsesi\/bagis\" target=\"_blank\"><div class=\"button-content-wrapper\"><span class=\"wgl-button-text\">Online spenden<\/span><\/div><\/a><\/div>                <\/div>\r\n            <\/div>\r\n        <\/div>\t\t\t\t<\/div>\n\t\t\t\t<\/div>\n\t\t\t\t\t<\/div>\n\t\t<\/div>\n\t\t\t\t<div class=\"elementor-column elementor-col-25 elementor-top-column elementor-element elementor-element-25572f0\" data-id=\"25572f0\" data-element_type=\"column\">\n\t\t\t<div class=\"elementor-widget-wrap elementor-element-populated\">\n\t\t\t\t\t\t<div class=\"elementor-element elementor-element-6591560 elementor-widget elementor-widget-spacer\" data-id=\"6591560\" data-element_type=\"widget\" data-widget_type=\"spacer.default\">\n\t\t\t\t<div class=\"elementor-widget-container\">\n\t\t\t\t\t\t\t<div class=\"elementor-spacer\">\n\t\t\t<div class=\"elementor-spacer-inner\"><\/div>\n\t\t<\/div>\n\t\t\t\t\t\t<\/div>\n\t\t\t\t<\/div>\n\t\t\t\t<div class=\"elementor-element elementor-element-982c49f aleft elementor-widget elementor-widget-wgl-pricing-table\" data-id=\"982c49f\" data-element_type=\"widget\" data-widget_type=\"wgl-pricing-table.default\">\n\t\t\t\t<div class=\"elementor-widget-container\">\n\t\t\t\t\t        <div class=\"wgl-pricing_plan\">\r\n            <div class=\"pricing_plan_wrap\">\r\n                                <div class=\"pricing_header\">\r\n                    <div class=\"pricing_title_wrapper\"><h4 class=\"pricing_title\">Per \u00dcberweisung \/ EFT<\/h4><\/div><div class=\"pricing_sub_title_wrapper\"><span class=\"pricing_sub_title\"><br><\/span><\/div>                    <div class=\"pricing_price_wrap\">\r\n\t                    <div class=\"pricing_price\"><\/div>                    <\/div>\r\n                <\/div>\r\n                <div class=\"pricing_content\">\r\n                    <p style=\"text-align: left;\">Wenn du m\u00f6chtest, kannst du auch direkt per \u00dcberweisung oder EFT \u00fcber die untenstehenden Kontodaten spenden. Vergiss nicht, im Verwendungszweck \u201cSpende\u201c zu schreiben.<\/p>                <\/div>\r\n                <div class=\"pricing_footer\">\r\n\t                <div class=\"button-wrapper\"><a  class=\"wgl-button btn-size-lg\" role=\"button\" href=\"#bank-account\"><div class=\"button-content-wrapper\"><span class=\"wgl-button-text\">Kontodaten<\/span><\/div><\/a><\/div>                <\/div>\r\n            <\/div>\r\n        <\/div>\t\t\t\t<\/div>\n\t\t\t\t<\/div>\n\t\t\t\t\t<\/div>\n\t\t<\/div>\n\t\t\t\t\t<\/div>\n\t\t<\/section>\n\t\t\t\t<section class=\"elementor-section elementor-top-section elementor-element elementor-element-0f48622 elementor-section-boxed elementor-section-height-default elementor-section-height-default\" data-id=\"0f48622\" data-element_type=\"section\" id=\"bank-account\">\n\t\t\t\t\t\t<div class=\"elementor-container elementor-column-gap-default\">\n\t\t\t\t\t<div class=\"elementor-column elementor-col-100 elementor-top-column elementor-element elementor-element-77e7cc7\" data-id=\"77e7cc7\" data-element_type=\"column\">\n\t\t\t<div class=\"elementor-widget-wrap elementor-element-populated\">\n\t\t\t\t\t\t<div class=\"elementor-element elementor-element-f1c6271 acenter elementor-widget elementor-widget-wgl-double-headings\" data-id=\"f1c6271\" data-element_type=\"widget\" data-widget_type=\"wgl-double-headings.default\">\n\t\t\t\t<div class=\"elementor-widget-container\">\n\t\t\t\t\t        <div class=\"wgl-double_heading\">                <div class=\"dbl__subtitle\"><span>Bank\u00fcberweisung \u2013 EFT Kontodaten<\/span>                <\/div>        <\/div>\t\t\t\t<\/div>\n\t\t\t\t<\/div>\n\t\t\t\t<div class=\"elementor-element elementor-element-fa238e6 acenter elementor-widget-image-box wgl-image-box elementor-widget elementor-widget-wgl-info-box\" data-id=\"fa238e6\" data-element_type=\"widget\" data-widget_type=\"wgl-info-box.default\">\n\t\t\t\t<div class=\"elementor-widget-container\">\n\t\t\t\t\t<div class=\"wgl-infobox\"><div class=\"wgl-infobox_wrapper wgl-layout-top\"><div class=\"media-wrapper img-wrapper\"><\/div><div class=\"content_wrapper\"><div class=\"wgl-infobox-title_wrapper\"><\/div><div class=\"wgl-infobox_content\"><p><img decoding=\"async\" class=\"alignnone wp-image-11884\" src=\"http:\/\/patilerinsesi.org\/wordpress\/wp-content\/uploads\/2025\/04\/Halkbank_logo.svg-300x58.png\" alt=\"\" width=\"158\" height=\"31\" srcset=\"https:\/\/patilerinsesi.org\/wordpress\/wp-content\/uploads\/2025\/04\/Halkbank_logo.svg-300x58.png 300w, https:\/\/patilerinsesi.org\/wordpress\/wp-content\/uploads\/2025\/04\/Halkbank_logo.svg-1024x198.png 1024w, https:\/\/patilerinsesi.org\/wordpress\/wp-content\/uploads\/2025\/04\/Halkbank_logo.svg-768x149.png 768w, https:\/\/patilerinsesi.org\/wordpress\/wp-content\/uploads\/2025\/04\/Halkbank_logo.svg-1536x298.png 1536w, https:\/\/patilerinsesi.org\/wordpress\/wp-content\/uploads\/2025\/04\/Halkbank_logo.svg-2048x397.png 2048w\" sizes=\"(max-width: 158px) 100vw, 158px\" \/><\/p><p><strong>Patilerin Sesi<\/strong> <strong>Derne\u011fi\u00a0<\/strong><\/p><p><strong>Kontonummer:<\/strong><strong>\u00a0<\/strong>1463-16100057<\/p><p><strong>Filiale: <\/strong>Pamukkale Denizli \u015eb.<\/p><p id=\"demo\" class=\"ibandisplay\"><strong>IBAN:<\/strong> TR250001200146300016100057<\/p><\/div><\/div><\/div><\/div>\t\t\t\t<\/div>\n\t\t\t\t<\/div>\n\t\t\t\t<div class=\"elementor-element elementor-element-2ae5ce8 acenter elementor-widget-image-box wgl-image-box elementor-widget elementor-widget-wgl-info-box\" data-id=\"2ae5ce8\" data-element_type=\"widget\" data-widget_type=\"wgl-info-box.default\">\n\t\t\t\t<div class=\"elementor-widget-container\">\n\t\t\t\t\t<div class=\"wgl-infobox\"><div class=\"wgl-infobox_wrapper wgl-layout-top\"><div class=\"media-wrapper img-wrapper\"><\/div><div class=\"content_wrapper\"><div class=\"wgl-infobox-title_wrapper\"><\/div><div class=\"wgl-infobox_content\"><p><img decoding=\"async\" class=\"alignnone wp-image-11884\" src=\"http:\/\/patilerinsesi.org\/wordpress\/wp-content\/uploads\/2025\/04\/Halkbank_logo.svg-300x58.png\" alt=\"\" width=\"158\" height=\"31\" srcset=\"https:\/\/patilerinsesi.org\/wordpress\/wp-content\/uploads\/2025\/04\/Halkbank_logo.svg-300x58.png 300w, https:\/\/patilerinsesi.org\/wordpress\/wp-content\/uploads\/2025\/04\/Halkbank_logo.svg-1024x198.png 1024w, https:\/\/patilerinsesi.org\/wordpress\/wp-content\/uploads\/2025\/04\/Halkbank_logo.svg-768x149.png 768w, https:\/\/patilerinsesi.org\/wordpress\/wp-content\/uploads\/2025\/04\/Halkbank_logo.svg-1536x298.png 1536w, https:\/\/patilerinsesi.org\/wordpress\/wp-content\/uploads\/2025\/04\/Halkbank_logo.svg-2048x397.png 2048w\" sizes=\"(max-width: 158px) 100vw, 158px\" \/><\/p><p><strong>Patilerin Sesi<\/strong> <strong>Derne\u011fi\u00a0<\/strong><\/p><p><strong>Kontonummer:<\/strong><strong>\u00a0<\/strong>58100835<\/p><p><strong>Filiale: <\/strong>1463 \/ Pamukkale Denizli \u015eubesi<\/p><p id=\"demo\" class=\"ibandisplay\"><strong>EUR IBAN:<\/strong> TR050001200146300058100835<\/p><p class=\"ibandisplay\"><strong>SWIFT No:<\/strong> TRHBTR2A<\/p><\/div><\/div><\/div><\/div>\t\t\t\t<\/div>\n\t\t\t\t<\/div>\n\t\t\t\t\t<\/div>\n\t\t<\/div>\n\t\t\t\t\t<\/div>\n\t\t<\/section>\n\t\t\t\t<\/div>","protected":false},"excerpt":{"rendered":"<p>Onlar \u0130\u00e7in Bir Umut Ol Her ba\u011f\u0131\u015f, terk edilmi\u015f ve yard\u0131ma muhta\u00e7 bir can\u0131n yeniden hayata tutunmas\u0131n\u0131 sa\u011flar. Patilerin Sesi olarak, her canl\u0131n\u0131n sevgi ve g\u00fcven i\u00e7inde ya\u015fayabilece\u011fi bir d\u00fcnya i\u00e7in \u00e7al\u0131\u015f\u0131yoruz. Sen de bu yolculu\u011fun bir par\u00e7as\u0131 olabilirsin. Destek Ol Bir Can\u0131n Hayat\u0131 De\u011fi\u015fsin Patilerin Sesi olarak sokakta ya\u015fam m\u00fccadelesi veren hayvanlara s\u0131cak bir [&hellip;]<\/p>\n","protected":false},"author":1,"featured_media":0,"parent":0,"menu_order":0,"comment_status":"closed","ping_status":"closed","template":"","meta":{"give_campaign_id":0,"footnotes":""},"class_list":["post-837","page","type-page","status-publish","hentry"],"campaignId":"","_links":{"self":[{"href":"https:\/\/patilerinsesi.org\/de\/wp-json\/wp\/v2\/pages\/837","targetHints":{"allow":["GET"]}}],"collection":[{"href":"https:\/\/patilerinsesi.org\/de\/wp-json\/wp\/v2\/pages"}],"about":[{"href":"https:\/\/patilerinsesi.org\/de\/wp-json\/wp\/v2\/types\/page"}],"author":[{"embeddable":true,"href":"https:\/\/patilerinsesi.org\/de\/wp-json\/wp\/v2\/users\/1"}],"replies":[{"embeddable":true,"href":"https:\/\/patilerinsesi.org\/de\/wp-json\/wp\/v2\/comments?post=837"}],"version-history":[{"count":131,"href":"https:\/\/patilerinsesi.org\/de\/wp-json\/wp\/v2\/pages\/837\/revisions"}],"predecessor-version":[{"id":12159,"href":"https:\/\/patilerinsesi.org\/de\/wp-json\/wp\/v2\/pages\/837\/revisions\/12159"}],"wp:attachment":[{"href":"https:\/\/patilerinsesi.org\/de\/wp-json\/wp\/v2\/media?parent=837"}],"curies":[{"name":"wp","href":"https:\/\/api.w.org\/{rel}","templated":true}]}}